{"id":352,"date":"2022-03-10T18:20:18","date_gmt":"2022-03-10T17:20:18","guid":{"rendered":"https:\/\/tourdonostia.ainhoa.de\/sobre-nosotros\/"},"modified":"2025-05-22T11:20:18","modified_gmt":"2025-05-22T09:20:18","slug":"sobre-nosotros","status":"publish","type":"page","link":"https:\/\/tourdonostia.ainhoa.de\/es\/sobre-nosotros\/","title":{"rendered":"Sobre nosotros"},"content":{"rendered":"\n<p>Llevamos a\u00f1os montando en bici de carretera y nos gustar\u00eda documentar aqu\u00ed algunas de nuestras excursiones en bici.<\/p>\n\n<p>Qui\u00e9nes somos Olaf, Stephan y Ainhoa Pohlmann<\/p>\n\n<figure class=\"wp-block-image size-large\"><img data-recalc-dims=\"1\" loading=\"lazy\" decoding=\"async\" width=\"1024\" height=\"768\" src=\"https:\/\/i0.wp.com\/tourdonostia.ainhoa.de\/wp-content\/uploads\/2025\/05\/1.jpeg?resize=1024%2C768&#038;ssl=1\" alt=\"\" class=\"wp-image-1615\" srcset=\"https:\/\/i0.wp.com\/tourdonostia.ainhoa.de\/wp-content\/uploads\/2025\/05\/1-scaled.jpeg?resize=1024%2C768&amp;ssl=1 1024w, https:\/\/i0.wp.com\/tourdonostia.ainhoa.de\/wp-content\/uploads\/2025\/05\/1-scaled.jpeg?resize=300%2C225&amp;ssl=1 300w, https:\/\/i0.wp.com\/tourdonostia.ainhoa.de\/wp-content\/uploads\/2025\/05\/1-scaled.jpeg?resize=768%2C576&amp;ssl=1 768w, https:\/\/i0.wp.com\/tourdonostia.ainhoa.de\/wp-content\/uploads\/2025\/05\/1-scaled.jpeg?resize=1536%2C1152&amp;ssl=1 1536w, https:\/\/i0.wp.com\/tourdonostia.ainhoa.de\/wp-content\/uploads\/2025\/05\/1-scaled.jpeg?resize=2048%2C1536&amp;ssl=1 2048w, https:\/\/i0.wp.com\/tourdonostia.ainhoa.de\/wp-content\/uploads\/2025\/05\/1-scaled.jpeg?resize=570%2C428&amp;ssl=1 570w, https:\/\/i0.wp.com\/tourdonostia.ainhoa.de\/wp-content\/uploads\/2025\/05\/1-scaled.jpeg?w=2280&amp;ssl=1 2280w\" sizes=\"auto, (max-width: 1024px) 100vw, 1024px\" \/><\/figure>\n\n<p><\/p>\n\n<p>Mant\u00e9ngase saludable y disfrute del blog.<\/p>\n","protected":false},"excerpt":{"rendered":"<p>Llevamos a\u00f1os montando en bici de carretera y nos gustar\u00eda documentar aqu\u00ed algunas de nuestras excursiones en bici. Qui\u00e9nes somos Olaf, Stephan y Ainhoa Pohlmann Mant\u00e9ngase saludable y disfrute del blog.<\/p>\n","protected":false},"author":1,"featured_media":1616,"parent":0,"menu_order":0,"comment_status":"closed","ping_status":"closed","template":"","meta":{"footnotes":""},"class_list":["post-352","page","type-page","status-publish","has-post-thumbnail","czr-hentry"],"jetpack_sharing_enabled":true,"jetpack_likes_enabled":true,"_links":{"self":[{"href":"https:\/\/tourdonostia.ainhoa.de\/es\/wp-json\/wp\/v2\/pages\/352","targetHints":{"allow":["GET"]}}],"collection":[{"href":"https:\/\/tourdonostia.ainhoa.de\/es\/wp-json\/wp\/v2\/pages"}],"about":[{"href":"https:\/\/tourdonostia.ainhoa.de\/es\/wp-json\/wp\/v2\/types\/page"}],"author":[{"embeddable":true,"href":"https:\/\/tourdonostia.ainhoa.de\/es\/wp-json\/wp\/v2\/users\/1"}],"replies":[{"embeddable":true,"href":"https:\/\/tourdonostia.ainhoa.de\/es\/wp-json\/wp\/v2\/comments?post=352"}],"version-history":[{"count":12,"href":"https:\/\/tourdonostia.ainhoa.de\/es\/wp-json\/wp\/v2\/pages\/352\/revisions"}],"predecessor-version":[{"id":1776,"href":"https:\/\/tourdonostia.ainhoa.de\/es\/wp-json\/wp\/v2\/pages\/352\/revisions\/1776"}],"wp:featuredmedia":[{"embeddable":true,"href":"https:\/\/tourdonostia.ainhoa.de\/es\/wp-json\/wp\/v2\/media\/1616"}],"wp:attachment":[{"href":"https:\/\/tourdonostia.ainhoa.de\/es\/wp-json\/wp\/v2\/media?parent=352"}],"curies":[{"name":"wp","href":"https:\/\/api.w.org\/{rel}","templated":true}]}}